{"id":5396,"date":"2020-02-04T19:28:34","date_gmt":"2020-02-04T17:28:34","guid":{"rendered":"https:\/\/www.bluconcept.ro\/?page_id=5396"},"modified":"2023-02-08T10:31:42","modified_gmt":"2023-02-08T07:31:42","slug":"decorative-fountains","status":"publish","type":"page","link":"https:\/\/www.bluconcept.ro\/en\/custom-water-fountains\/decorative-fountains\/","title":{"rendered":"Decorative Fountains"},"content":{"rendered":"[vc_row full_width=&#8221;stretch_row_content_no_spaces&#8221; css=&#8221;.vc_custom_1457292449859{margin-bottom: 0px !important;padding-top: 20px !important;padding-right: 20px !important;padding-bottom: 20px !important;padding-left: 20px !important;background-color: #0690cf !important;}&#8221;][vc_column][vc_column_text]\n<div class=\"container\">\n<h1 style=\"text-align: center; color: #fff;\">Decorative Curtains<\/h1>\n<hr>\n<p style=\"text-align: center; color: #fff;\">Our portfolio with custom made Water Fountains and Water Walls<\/p>\n<\/div>\n[\/vc_column_text][\/vc_column][\/vc_row][vc_row css=&#8221;.vc_custom_1457292533199{margin-top: 0px !important;margin-bottom: 0px !important;}&#8221;][vc_column css=&#8221;.vc_custom_1477135375945{padding-top: 0px !important;}&#8221;][vc_column_text]\n\r\n\t\t\t\t\r\n\t\t\t\r\n\t\t<ul class=\"gallery-filters2\" data-gallery-id=\"gallery-824\">\r\n\r\n\t\t\t\t\t\t\t \r\n\t\t\t\t \r\n\t\t\t \t\t\t\t<li>\r\n\t\t\t\t\t\t\t\t<a href=\"https:\/\/www.bluconcept.ro\/en\/custom-water-fountains\/decorative-fountains\/\">Decorative Fountains<\/a>\r\n\t\t\t\t<\/li>\r\n\t\t\t\r\n\t\t\t\t\t\t\t \r\n\t\t\t\t \r\n\t\t\t \t\t\t\t<li>\r\n\t\t\t\t\t\t\t\t<a href=\"https:\/\/www.bluconcept.ro\/en\/custom-water-fountains\/fountains\/\">Fountains<\/a>\r\n\t\t\t\t<\/li>\r\n\t\t\t\r\n\t\t\t\t\t\t\t \r\n\t\t\t\t \r\n\t\t\t \t\t\t\t<li>\r\n\t\t\t\t\t\t\t\t<a href=\"https:\/\/www.bluconcept.ro\/en\/custom-water-fountains\/water-columns\/\">Water columns<\/a>\r\n\t\t\t\t<\/li>\r\n\t\t\t\r\n\t\t\t\t\t\t\t \r\n\t\t\t\t \r\n\t\t\t \t\t\t\t<li>\r\n\t\t\t\t\t\t\t\t<a href=\"https:\/\/www.bluconcept.ro\/en\/custom-water-fountains\/water-curtains\/\">Water curtains<\/a>\r\n\t\t\t\t<\/li>\r\n\t\t\t\r\n\t\t\t\t\t\t\r\n\t\t\t<li class=\"gf-underline\"><\/li>\r\n\t\t\t\r\n\t\t<\/ul>\r\n\r\n\t\r\n\t<ul id=\"gallery-824\"\r\n\t    class=\"gallery gl-cols-4 \"\r\n\t    data-options=\"id: gallery-824; category: fantani-decorative-en; type: expanding; items_per_page: 8; columns_count: 4; show_load_more: yes; show_filter: yes; fixed_items: yes; load_on_scroll: yes; preview_full_size: no; preview_show_zoom: yes; preview_show_readmore: yes; preview_show_share: yes; ajax_action: mental_gallery; \">\r\n\r\n\t\t\r\n   \r\n\t\t\t\t<li class=\"gl-item gl-loading          gl-fixed-ratio-item\"\r\n\t\t\tdata-category=\"fantani-decorative-en\">\r\n\r\n\t\t\t<a href=\"https:\/\/www.bluconcept.ro\/en\/gallery\/fantana-apartament-dune-de-piatra\/\">\r\n\t\t\t\t<figure>\r\n\t\t\t\t\t\t\t\t\t\t\t<img src=\"https:\/\/www.bluconcept.ro\/wp-content\/uploads\/2016\/09\/proiect-fantana-dune-piatra-galerie-700x467.jpg\" class=\"attachment-medium size-medium wp-post-image\" alt=\"\" decoding=\"async\" loading=\"lazy\" srcset=\"https:\/\/www.bluconcept.ro\/wp-content\/uploads\/2016\/09\/proiect-fantana-dune-piatra-galerie-700x467.jpg 700w, https:\/\/www.bluconcept.ro\/wp-content\/uploads\/2016\/09\/proiect-fantana-dune-piatra-galerie-150x100.jpg 150w, https:\/\/www.bluconcept.ro\/wp-content\/uploads\/2016\/09\/proiect-fantana-dune-piatra-galerie-272x182.jpg 272w, https:\/\/www.bluconcept.ro\/wp-content\/uploads\/2016\/09\/proiect-fantana-dune-piatra-galerie.jpg 900w\" sizes=\"(max-width: 700px) 100vw, 700px\" \/>\t\t\t\t\t\t\t\t\t\t<figcaption>\r\n\t\t\t\t\t\t<div class=\"middle\">\r\n\t\t\t\t\t\t\t<div class=\"middle-inner\">\r\n\r\n\t\t\t\t\t\t\t\t\t\t\t\t\t\t\t\t\t\t\t\t\t\t\t\t\t\r\n\t\t\t\t\t\t\t\t<p class=\"gl-item-title\">Fantana de Apartament &#8211; Dune de Piatra<\/p>\r\n\r\n\t\t\t\t\t\t\t\t\t\t\t\t\t\t\t\t\t<p class=\"gl-item-category\">Decorative Fountains<\/p>\r\n\t\t\t\t\t\t\t\t\r\n\t\t\t\t\t\t\t<\/div>\r\n\t\t\t\t\t\t<\/div>\r\n\t\t\t\t\t<\/figcaption>\r\n\t\t\t\t<\/figure>\r\n\t\t\t<\/a>\r\n\r\n\t\t\t\r\n\t\t\t\t<div class=\"gl-preview\" style=\"diplay:none;\" data-category=\"people\">\r\n\t\t\t\t\t<span class=\"glp-arrow\"><\/span>\r\n\t\t\t\t\t<a href=\"#\" class=\"glp-close\"><\/a>\r\n\r\n\t\t\t\t\t\r\n\t\t\t\t\t\t<div class=\"row gl-preview-container\">\r\n\t\t\t\t\t\t\t<div class=\"col-sm-8 gl-preview-image\">\r\n\r\n\t\t\t\t\t\t\t\t\r\n\t\t\t<figure>\r\n\t\t\t<img src=\"https:\/\/www.bluconcept.ro\/wp-content\/uploads\/2016\/09\/proiect-fantana-dune-piatra-galerie-700x467.jpg\" class=\"attachment-medium size-medium wp-post-image\" alt=\"\" decoding=\"async\" loading=\"lazy\" srcset=\"https:\/\/www.bluconcept.ro\/wp-content\/uploads\/2016\/09\/proiect-fantana-dune-piatra-galerie-700x467.jpg 700w, https:\/\/www.bluconcept.ro\/wp-content\/uploads\/2016\/09\/proiect-fantana-dune-piatra-galerie-150x100.jpg 150w, https:\/\/www.bluconcept.ro\/wp-content\/uploads\/2016\/09\/proiect-fantana-dune-piatra-galerie-272x182.jpg 272w, https:\/\/www.bluconcept.ro\/wp-content\/uploads\/2016\/09\/proiect-fantana-dune-piatra-galerie.jpg 900w\" sizes=\"(max-width: 700px) 100vw, 700px\" \/>\t\t\t\t\t\t\t<a class=\"glp-zoom\" data-image=\"https:\/\/www.bluconcept.ro\/wp-content\/uploads\/2016\/09\/proiect-fantana-dune-piatra-galerie.jpg\"><i><\/i><\/a>\r\n\t\t\t\t\t<\/figure>\r\n\t\r\n\t\r\n\t\t\t\t\t\t\t<\/div>\r\n\t\t\t\t\t\t\t<div class=\"col-sm-4 lg-preview-descr\">\r\n\r\n\t\t\t\t\t\t\t\t<h4>Fantana de Apartament &#8211; Dune de Piatra<\/h4>\r\n\r\n\t\t\t\t\t\t\t\t\t                        <p>Aceast\u0103 f\u00e2nt\u00e2n\u0103 de interior pentru apartament se remarc\u0103 din prima secund\u0103 \u00een care vizitatorul p\u0103\u0219e\u0219te \u00een \u00eenc\u0103pere datorit\u0103 aspectului elegant \u0219i, mai ales, datorit\u0103 naturale\u021bei cu care valurile realizate din foi\u021b\u0103 de piatr\u0103 redau imaginea unei cascade de ap\u0103 natural\u0103. <\/p>\n\t                     \r\n\t\t\t\t\t\t\t\t\t\t\t\t\t\t\t\t\t<a href=\"https:\/\/www.bluconcept.ro\/en\/gallery\/fantana-apartament-dune-de-piatra\/\" class=\"btn btn-primary glp-readmore\">Detalii Proiect<\/a>\r\n\t\t\t\t\t\t\t\t\t\r\n\t\t\t\t\t\t\t\t\t\t\t\t\t\t\t\t\t\t\t\t<a href=\"https:\/\/youtu.be\/OuXepnv_FYA\" class=\"btn btn-primary glp-readmore fancybox-youtube\">Prezentare video<\/a>\r\n\t\t\t\t\t\t\t\t\t\t\t\t\t\t\t\t\t\t\r\n\t\t\t\t\t\t\t\t\r\n\t\t\t\t\t\t\t\t\t\t\t\t\t\t\t\t\t<div class=\"mb-social glp-social\">\r\n\t\t\t\t\t\t\t\t\t\t<span>Distribuie<\/span>\r\n\t\t\t\t\t\t\t\t\t\t\r\n\r\n<div class=\"social-block\">\r\n\t<a href=\"https:\/\/twitter.com\/intent\/tweet?source=webclient&amp;original_referer=https:\/\/www.bluconcept.ro\/en\/gallery\/fantana-apartament-dune-de-piatra\/&amp;text=Fantana+de+Apartament+%26%238211%3B+Dune+de+Piatra&amp;url=https:\/\/www.bluconcept.ro\/en\/gallery\/fantana-apartament-dune-de-piatra\/\" target=\"_blank\"><i class=\"fa fa-twitter\"><\/i><\/a>\r\n\t<a href=\"https:\/\/www.facebook.com\/sharer\/sharer.php?u=https:\/\/www.bluconcept.ro\/en\/gallery\/fantana-apartament-dune-de-piatra\/\" target=\"_blank\"><i class=\"fa fa-facebook\"><\/i><\/a>\r\n\t<a href=\"https:\/\/plus.google.com\/share?url=https:\/\/www.bluconcept.ro\/en\/gallery\/fantana-apartament-dune-de-piatra\/\" target=\"_blank\"><i class=\"fa fa-google-plus\"><\/i><\/a>\r\n\t<a href=\"http:\/\/pinterest.com\/pin\/create\/bookmarklet\/?media=&amp;url=https:\/\/www.bluconcept.ro\/en\/gallery\/fantana-apartament-dune-de-piatra\/&amp;title=Fantana+de+Apartament+%26%238211%3B+Dune+de+Piatra&amp;description=Aceast%C4%83+f%C3%A2nt%C3%A2n%C4%83+de+interior+pentru+apartament+se+remarc%C4%83+din+prima+secund%C4%83+%C3%AEn+care+vizitatorul+p%C4%83%C8%99e%C8%99te+%C3%AEn+%C3%AEnc%C4%83pere+datorit%C4%83+aspectului+elegant+%C8%99i%2C+mai+ales%2C+datorit%C4%83+naturale%C8%9Bei+cu+care+valurile+realizate+din+foi%C8%9B%C4%83+de+piatr%C4%83+redau+imaginea+unei+cascade+de+ap%C4%83+natural%C4%83.+\" target=\"_blank\"><i class=\"fa fa-pinterest\"><\/i><\/a>\r\n\t<a href=\"http:\/\/www.linkedin.com\/shareArticle?mini=true&amp;ro=true&amp;trk=JuizSocialPostSharer&amp;title=Fantana+de+Apartament+%26%238211%3B+Dune+de+Piatra&amp;url=https:\/\/www.bluconcept.ro\/en\/gallery\/fantana-apartament-dune-de-piatra\/\" target=\"_blank\"><i class=\"fa fa-linkedin\"><\/i><\/a>\r\n\t<a href=\"http:\/\/vkontakte.ru\/share.php?url=https:\/\/www.bluconcept.ro\/en\/gallery\/fantana-apartament-dune-de-piatra\/\" target=\"_blank\"><i class=\"fa fa-vk\"><\/i><\/a>\r\n<\/div>\t\t\t\t\t\t\t\t\t<\/div>\r\n\t\t\t\t\t\t\t\t\r\n\t\t\t\t\t\t\t<\/div>\r\n\t\t\t\t\t\t<\/div>\r\n\r\n\t\t\t\t\t\r\n\t\t\t\t<\/div> <!-- gl-preview -->\r\n\r\n\t\t\t\r\n\t\t<\/li>\r\n\r\n\t\t<\/ul> <!-- gallery -->\r\n\r\n\t\t\t<div class=\"load-more-block dark lmb-on-scroll\">\r\n\t\t\t<span class=\"loading-spinner\"><\/span>\r\n\t\t\t<span class=\"no-more-items-sign\"><\/span>\r\n\t\t<\/div>\r\n\t\r\n\t\r\n\t\n[\/vc_column_text][\/vc_column][\/vc_row]\n","protected":false},"excerpt":{"rendered":"<p>Fantana de Apartament &#8211; Dune de Piatra Proiecte unicat &#8211; Fantani decorative bluConcept<\/p>\n","protected":false},"author":3,"featured_media":0,"parent":4175,"menu_order":0,"comment_status":"closed","ping_status":"closed","template":"page-full.php","meta":[],"yoast_head":"<!-- This site is optimized with the Yoast SEO plugin v20.3 - https:\/\/yoast.com\/wordpress\/plugins\/seo\/ -->\n<title>Decorative Fountains - bluConcept<\/title>\n<meta name=\"description\" content=\"Decorative Curtains   Our portfolio with custom made Water Fountains and Water Walls\" \/>\n<meta name=\"robots\" content=\"index, follow, max-snippet:-1, max-image-preview:large, max-video-preview:-1\" \/>\n<link rel=\"canonical\" href=\"https:\/\/www.bluconcept.ro\/en\/custom-water-fountains\/decorative-fountains\/\" \/>\n<meta property=\"og:locale\" content=\"en_US\" \/>\n<meta property=\"og:type\" content=\"article\" \/>\n<meta property=\"og:title\" content=\"Decorative Fountains - bluConcept\" \/>\n<meta property=\"og:description\" content=\"Decorative Curtains   Our portfolio with custom made Water Fountains and Water Walls\" \/>\n<meta property=\"og:url\" content=\"https:\/\/www.bluconcept.ro\/en\/custom-water-fountains\/decorative-fountains\/\" \/>\n<meta property=\"og:site_name\" content=\"bluConcept\" \/>\n<meta property=\"article:publisher\" content=\"https:\/\/www.facebook.com\/FantaniDeInterior\/\" \/>\n<meta property=\"article:modified_time\" content=\"2023-02-08T07:31:42+00:00\" \/>\n<meta property=\"og:image\" content=\"https:\/\/www.bluconcept.ro\/wp-content\/uploads\/2016\/12\/BLUCONCEPT.jpg\" \/>\n\t<meta property=\"og:image:width\" content=\"1110\" \/>\n\t<meta property=\"og:image:height\" content=\"455\" \/>\n\t<meta property=\"og:image:type\" content=\"image\/jpeg\" \/>\n<meta name=\"twitter:card\" content=\"summary_large_image\" \/>\n<meta name=\"twitter:site\" content=\"@bluConcept_ro\" \/>\n<meta name=\"twitter:label1\" content=\"Est. reading time\" \/>\n\t<meta name=\"twitter:data1\" content=\"1 minute\" \/>\n<script type=\"application\/ld+json\" class=\"yoast-schema-graph\">{\"@context\":\"https:\/\/schema.org\",\"@graph\":[{\"@type\":\"WebPage\",\"@id\":\"https:\/\/www.bluconcept.ro\/en\/custom-water-fountains\/decorative-fountains\/\",\"url\":\"https:\/\/www.bluconcept.ro\/en\/custom-water-fountains\/decorative-fountains\/\",\"name\":\"Decorative Fountains - bluConcept\",\"isPartOf\":{\"@id\":\"https:\/\/www.bluconcept.ro\/#website\"},\"datePublished\":\"2020-02-04T17:28:34+00:00\",\"dateModified\":\"2023-02-08T07:31:42+00:00\",\"description\":\"Decorative Curtains Our portfolio with custom made Water Fountains and Water Walls\",\"breadcrumb\":{\"@id\":\"https:\/\/www.bluconcept.ro\/en\/custom-water-fountains\/decorative-fountains\/#breadcrumb\"},\"inLanguage\":\"en-US\",\"potentialAction\":[{\"@type\":\"ReadAction\",\"target\":[\"https:\/\/www.bluconcept.ro\/en\/custom-water-fountains\/decorative-fountains\/\"]}]},{\"@type\":\"BreadcrumbList\",\"@id\":\"https:\/\/www.bluconcept.ro\/en\/custom-water-fountains\/decorative-fountains\/#breadcrumb\",\"itemListElement\":[{\"@type\":\"ListItem\",\"position\":1,\"name\":\"Home\",\"item\":\"https:\/\/www.bluconcept.ro\/en\/\"},{\"@type\":\"ListItem\",\"position\":2,\"name\":\"Projects\",\"item\":\"https:\/\/www.bluconcept.ro\/en\/custom-water-fountains\/\"},{\"@type\":\"ListItem\",\"position\":3,\"name\":\"Decorative Fountains\"}]},{\"@type\":\"WebSite\",\"@id\":\"https:\/\/www.bluconcept.ro\/#website\",\"url\":\"https:\/\/www.bluconcept.ro\/\",\"name\":\"bluConcept\",\"description\":\"Producator premium de fantani arteziene de interior si pereti de apa feng shui\",\"publisher\":{\"@id\":\"https:\/\/www.bluconcept.ro\/#organization\"},\"potentialAction\":[{\"@type\":\"SearchAction\",\"target\":{\"@type\":\"EntryPoint\",\"urlTemplate\":\"https:\/\/www.bluconcept.ro\/?s={search_term_string}\"},\"query-input\":\"required name=search_term_string\"}],\"inLanguage\":\"en-US\"},{\"@type\":\"Organization\",\"@id\":\"https:\/\/www.bluconcept.ro\/#organization\",\"name\":\"bluConcept\",\"url\":\"https:\/\/www.bluconcept.ro\/\",\"logo\":{\"@type\":\"ImageObject\",\"inLanguage\":\"en-US\",\"@id\":\"https:\/\/www.bluconcept.ro\/#\/schema\/logo\/image\/\",\"url\":\"https:\/\/www.bluconcept.ro\/wp-content\/uploads\/2015\/06\/blu-concept-index-logo.png\",\"contentUrl\":\"https:\/\/www.bluconcept.ro\/wp-content\/uploads\/2015\/06\/blu-concept-index-logo.png\",\"width\":290,\"height\":124,\"caption\":\"bluConcept\"},\"image\":{\"@id\":\"https:\/\/www.bluconcept.ro\/#\/schema\/logo\/image\/\"},\"sameAs\":[\"https:\/\/www.facebook.com\/FantaniDeInterior\/\",\"https:\/\/twitter.com\/bluConcept_ro\",\"https:\/\/www.instagram.com\/bluconcept\/\",\"https:\/\/www.linkedin.com\/company\/687388\",\"https:\/\/ro.pinterest.com\/bluConcept\/\",\"https:\/\/www.youtube.com\/user\/BludecoConcept\"]}]}<\/script>\n<!-- \/ Yoast SEO plugin. -->","yoast_head_json":{"title":"Decorative Fountains - bluConcept","description":"Decorative Curtains   Our portfolio with custom made Water Fountains and Water Walls","robots":{"index":"index","follow":"follow","max-snippet":"max-snippet:-1","max-image-preview":"max-image-preview:large","max-video-preview":"max-video-preview:-1"},"canonical":"https:\/\/www.bluconcept.ro\/en\/custom-water-fountains\/decorative-fountains\/","og_locale":"en_US","og_type":"article","og_title":"Decorative Fountains - bluConcept","og_description":"Decorative Curtains   Our portfolio with custom made Water Fountains and Water Walls","og_url":"https:\/\/www.bluconcept.ro\/en\/custom-water-fountains\/decorative-fountains\/","og_site_name":"bluConcept","article_publisher":"https:\/\/www.facebook.com\/FantaniDeInterior\/","article_modified_time":"2023-02-08T07:31:42+00:00","og_image":[{"width":1110,"height":455,"url":"https:\/\/www.bluconcept.ro\/wp-content\/uploads\/2016\/12\/BLUCONCEPT.jpg","type":"image\/jpeg"}],"twitter_card":"summary_large_image","twitter_site":"@bluConcept_ro","twitter_misc":{"Est. reading time":"1 minute"},"schema":{"@context":"https:\/\/schema.org","@graph":[{"@type":"WebPage","@id":"https:\/\/www.bluconcept.ro\/en\/custom-water-fountains\/decorative-fountains\/","url":"https:\/\/www.bluconcept.ro\/en\/custom-water-fountains\/decorative-fountains\/","name":"Decorative Fountains - bluConcept","isPartOf":{"@id":"https:\/\/www.bluconcept.ro\/#website"},"datePublished":"2020-02-04T17:28:34+00:00","dateModified":"2023-02-08T07:31:42+00:00","description":"Decorative Curtains Our portfolio with custom made Water Fountains and Water Walls","breadcrumb":{"@id":"https:\/\/www.bluconcept.ro\/en\/custom-water-fountains\/decorative-fountains\/#breadcrumb"},"inLanguage":"en-US","potentialAction":[{"@type":"ReadAction","target":["https:\/\/www.bluconcept.ro\/en\/custom-water-fountains\/decorative-fountains\/"]}]},{"@type":"BreadcrumbList","@id":"https:\/\/www.bluconcept.ro\/en\/custom-water-fountains\/decorative-fountains\/#breadcrumb","itemListElement":[{"@type":"ListItem","position":1,"name":"Home","item":"https:\/\/www.bluconcept.ro\/en\/"},{"@type":"ListItem","position":2,"name":"Projects","item":"https:\/\/www.bluconcept.ro\/en\/custom-water-fountains\/"},{"@type":"ListItem","position":3,"name":"Decorative Fountains"}]},{"@type":"WebSite","@id":"https:\/\/www.bluconcept.ro\/#website","url":"https:\/\/www.bluconcept.ro\/","name":"bluConcept","description":"Producator premium de fantani arteziene de interior si pereti de apa feng shui","publisher":{"@id":"https:\/\/www.bluconcept.ro\/#organization"},"potentialAction":[{"@type":"SearchAction","target":{"@type":"EntryPoint","urlTemplate":"https:\/\/www.bluconcept.ro\/?s={search_term_string}"},"query-input":"required name=search_term_string"}],"inLanguage":"en-US"},{"@type":"Organization","@id":"https:\/\/www.bluconcept.ro\/#organization","name":"bluConcept","url":"https:\/\/www.bluconcept.ro\/","logo":{"@type":"ImageObject","inLanguage":"en-US","@id":"https:\/\/www.bluconcept.ro\/#\/schema\/logo\/image\/","url":"https:\/\/www.bluconcept.ro\/wp-content\/uploads\/2015\/06\/blu-concept-index-logo.png","contentUrl":"https:\/\/www.bluconcept.ro\/wp-content\/uploads\/2015\/06\/blu-concept-index-logo.png","width":290,"height":124,"caption":"bluConcept"},"image":{"@id":"https:\/\/www.bluconcept.ro\/#\/schema\/logo\/image\/"},"sameAs":["https:\/\/www.facebook.com\/FantaniDeInterior\/","https:\/\/twitter.com\/bluConcept_ro","https:\/\/www.instagram.com\/bluconcept\/","https:\/\/www.linkedin.com\/company\/687388","https:\/\/ro.pinterest.com\/bluConcept\/","https:\/\/www.youtube.com\/user\/BludecoConcept"]}]}},"_links":{"self":[{"href":"https:\/\/www.bluconcept.ro\/en\/wp-json\/wp\/v2\/pages\/5396"}],"collection":[{"href":"https:\/\/www.bluconcept.ro\/en\/wp-json\/wp\/v2\/pages"}],"about":[{"href":"https:\/\/www.bluconcept.ro\/en\/wp-json\/wp\/v2\/types\/page"}],"author":[{"embeddable":true,"href":"https:\/\/www.bluconcept.ro\/en\/wp-json\/wp\/v2\/users\/3"}],"replies":[{"embeddable":true,"href":"https:\/\/www.bluconcept.ro\/en\/wp-json\/wp\/v2\/comments?post=5396"}],"version-history":[{"count":1,"href":"https:\/\/www.bluconcept.ro\/en\/wp-json\/wp\/v2\/pages\/5396\/revisions"}],"predecessor-version":[{"id":5397,"href":"https:\/\/www.bluconcept.ro\/en\/wp-json\/wp\/v2\/pages\/5396\/revisions\/5397"}],"up":[{"embeddable":true,"href":"https:\/\/www.bluconcept.ro\/en\/wp-json\/wp\/v2\/pages\/4175"}],"wp:attachment":[{"href":"https:\/\/www.bluconcept.ro\/en\/wp-json\/wp\/v2\/media?parent=5396"}],"curies":[{"name":"wp","href":"https:\/\/api.w.org\/{rel}","templated":true}]}}